{"id":140,"date":"2023-01-20T15:44:24","date_gmt":"2023-01-20T15:44:24","guid":{"rendered":"https:\/\/garden.meatball.ch\/?page_id=140"},"modified":"2023-01-20T22:18:43","modified_gmt":"2023-01-20T22:18:43","slug":"aussaat-tabelle","status":"publish","type":"page","link":"https:\/\/garden.meatball.ch\/?page_id=140","title":{"rendered":"Aussaat Tabelle"},"content":{"rendered":"\n<figure class=\"wp-block-table is-style-stripes\"><table><tbody><tr><td>Sorte<\/td><td>Anzucht<\/td><td>Direktsaat<\/td><td>Keimdauer<\/td><td>Keim Temperatur<\/td><td>Pikieren<\/td><\/tr><tr><td>Asia Salat<\/td><td><\/td><td>Juli-Sept<\/td><td><\/td><td><\/td><td><\/td><\/tr><tr><td>Aubergine<\/td><td>Feb-April<\/td><td><\/td><td>12-15<\/td><td>19-24<\/td><td><\/td><\/tr><tr><td>Basilikum<\/td><td>M\u00e4rz-Juli<\/td><td><\/td><td>12-15<\/td><td>15-18<\/td><td><\/td><\/tr><tr><td>Blumenkohl<\/td><td>Feb-Juni<\/td><td><\/td><td>8-12<\/td><td>15<\/td><td><\/td><\/tr><tr><td>Borretsch<\/td><td><\/td><td>April-Juli<\/td><td>7-12<\/td><td>20<\/td><td><\/td><\/tr><tr><td>Brokkoli<\/td><td>M\u00e4rz-Juli<\/td><td><\/td><td>8-12<\/td><td>15<\/td><td><\/td><\/tr><tr><td>Buschbohnen<\/td><td><\/td><td>Mai-Juli<\/td><td>8-10<\/td><td>12-15<\/td><td><\/td><\/tr><tr><td>Chinakohl<\/td><td>Juli August<\/td><td><\/td><td>6-8<\/td><td>15<\/td><td><\/td><\/tr><tr><td>Dill<\/td><td><\/td><td>Mai-Juli<\/td><td>10-14<\/td><td>10-15<\/td><td><\/td><\/tr><tr><td>Eisbergsalat<\/td><td>M\u00e4rz-August<\/td><td>Mai-Juli<\/td><td>6-10<\/td><td>15-20<\/td><td><\/td><\/tr><tr><td>Endivie<\/td><td>Juli-August<\/td><td><\/td><td>8-10<\/td><td>20<\/td><td><\/td><\/tr><tr><td>Erbsen<\/td><td>April-Juni<\/td><td><\/td><td>5-10<\/td><td>8-10<\/td><td><\/td><\/tr><tr><td>Feldsalat<\/td><td><\/td><td>Aug-Sep<\/td><td>10-12<\/td><td>10-15<\/td><td><\/td><\/tr><tr><td>Fenchel<\/td><td><\/td><td>April<\/td><td>14-28<\/td><td>15-20<\/td><td><\/td><\/tr><tr><td>Gr\u00fcnkohl<\/td><td><\/td><td>Mai-Aug<\/td><td>6-8<\/td><td>15<\/td><td><\/td><\/tr><tr><td>Gurken<\/td><td>Feb-Mai<\/td><td>Mai-Juni<\/td><td>10-12<\/td><td>15-20<\/td><td><\/td><\/tr><tr><td>Kerbel<\/td><td><\/td><td>april-Sep<\/td><td>15-20<\/td><td>16-20<\/td><td><\/td><\/tr><tr><td>Kohlrabi<\/td><td>M\u00e4rz-Juni<\/td><td><\/td><td>5-8<\/td><td>15<\/td><td><\/td><\/tr><tr><td>Kopfsalat<\/td><td>M\u00e4rz-August<\/td><td>M\u00e4rz-Juni<\/td><td>6-10<\/td><td>15-20<\/td><td><\/td><\/tr><tr><td>Kresse<\/td><td><\/td><td>Ganzj\u00e4hrig<\/td><td>2-3<\/td><td>10-20<\/td><td><\/td><\/tr><tr><td>K\u00fcrbis<\/td><td><\/td><td>Mai-Juni<\/td><td>8-12<\/td><td>15-20<\/td><td><\/td><\/tr><tr><td>Lauch<\/td><td>M\u00e4rz-Mai<\/td><td><\/td><td>15-20<\/td><td>12-15<\/td><td><\/td><\/tr><tr><td>Lauchzwiebel<\/td><td><\/td><td>M\u00e4rz-Aug<\/td><td>15-20<\/td><td>12-15<\/td><td><\/td><\/tr><tr><td>Mais<\/td><td><\/td><td>April -Juni<\/td><td>2-4<\/td><td>12-20<\/td><td><\/td><\/tr><tr><td>Mangold<\/td><td><\/td><td>April-August<\/td><td>10-12<\/td><td>15<\/td><td><\/td><\/tr><tr><td>Melonen<\/td><td>Feb-April<\/td><td><\/td><td>10-14<\/td><td>20-25<\/td><td><\/td><\/tr><tr><td>M\u00f6hren<\/td><td><\/td><td>M\u00e4rz-Juni<\/td><td>20<\/td><td>10<\/td><td><\/td><\/tr><tr><td>Paprika<\/td><td>Jan-April<\/td><td><\/td><td>10-14<\/td><td>20-25<\/td><td><\/td><\/tr><tr><td>Pastinake<\/td><td><\/td><td>M\u00e4rz-April<\/td><td>20<\/td><td>10<\/td><td><\/td><\/tr><tr><td>Peperoni<\/td><td>Jan-April<\/td><td><\/td><td>10-14<\/td><td>20-25<\/td><td><\/td><\/tr><tr><td>Petersilie<\/td><td><\/td><td>M\u00e4rz-April<\/td><td>21-28<\/td><td>10-15<\/td><td><\/td><\/tr><tr><td>Schnittsalat<\/td><td><\/td><td>M\u00e4rz-Aug<\/td><td>6-10<\/td><td>15<\/td><td><\/td><\/tr><tr><td>Physalis<\/td><td>Jan-Feb<\/td><td><\/td><td>8-10<\/td><td>18-20<\/td><td><\/td><\/tr><tr><td>Pimpinelle<\/td><td>M\u00e4rz-Aug<\/td><td>April-Juli<\/td><td>14-28<\/td><td>15-20<\/td><td><\/td><\/tr><tr><td>Radieschen<\/td><td><\/td><td>M\u00e4rz-Okt<\/td><td>5-8<\/td><td>15-20<\/td><td><\/td><\/tr><tr><td>Rettich<\/td><td><\/td><td>Feb-Aug<\/td><td>8-10<\/td><td>15<\/td><td><\/td><\/tr><tr><td>Rosenkohl<\/td><td>April-Mail<\/td><td><\/td><td>5-8<\/td><td>15<\/td><td><\/td><\/tr><tr><td>Rote Bete<\/td><td><\/td><td>April-Juni<\/td><td>10-12<\/td><td>15<\/td><td><\/td><\/tr><tr><td>Rotkohl<\/td><td>M\u00e4rz-Juni<\/td><td><\/td><td>5-8<\/td><td>15<\/td><td><\/td><\/tr><tr><td>Rukola<\/td><td><\/td><td>Jan-Sep<\/td><td>6-10<\/td><td>10-15<\/td><td><\/td><\/tr><tr><td>Sauerampfer<\/td><td><\/td><td>Aug-Sep, M\u00e4rz-Mai<\/td><td>15-20<\/td><td>10-15<\/td><td><\/td><\/tr><tr><td>Schnittlauch<\/td><td><\/td><td>M\u00e4rz-Juli<\/td><td>15-20<\/td><td>15-20<\/td><td><\/td><\/tr><tr><td>Schwarzwurzeln<\/td><td><\/td><td><\/td><td>15<\/td><td>15<\/td><td><\/td><\/tr><tr><td>Sellerie<\/td><td>Feb-April<\/td><td><\/td><td>15-20<\/td><td>20<\/td><td><\/td><\/tr><tr><td>Spinat<\/td><td><\/td><td>Feb-M\u00e4rz, Aug-Sep<\/td><td>10-14<\/td><td>15<\/td><td><\/td><\/tr><tr><td>Stangenbohnen<\/td><td><\/td><td>Mai-Juni<\/td><td>5-10<\/td><td>12-15<\/td><td><\/td><\/tr><tr><td>Tomaten<\/td><td>Jan-Feb<\/td><td><\/td><td>8-12<\/td><td>20-25<\/td><td><\/td><\/tr><tr><td>Tomatillo<\/td><td>Jan-Feb<\/td><td><\/td><td>8-10<\/td><td>18-20<\/td><td><\/td><\/tr><tr><td>Wei\u00dfkohl<\/td><td>M\u00e4rz-Juni<\/td><td><\/td><td>5-8<\/td><td>15<\/td><td><\/td><\/tr><tr><td>Wirsing<\/td><td>M\u00e4rz-Juni<\/td><td><\/td><td>5-8<\/td><td>15<\/td><td><\/td><\/tr><tr><td>Zucchini<\/td><td><\/td><td>Mai-Juni<\/td><td>8-12<\/td><td>15-20<\/td><td><\/td><\/tr><tr><td>Zwiebeln (Fr\u00fchj)<\/td><td><\/td><td>M\u00e4rz-April<\/td><td>15-20<\/td><td>12-15<\/td><td><\/td><\/tr><tr><td>Zwiebeln (Herb)<\/td><td><\/td><td>Aug-Sep<\/td><td>15-20<\/td><td>12-15<\/td><td><\/td><\/tr><\/tbody><\/table><figcaption class=\"wp-element-caption\">Aussaat Tabelle<\/figcaption><\/figure>\n\n\n\n<p><\/p>\n\n\n\n<p><\/p>\n","protected":false},"excerpt":{"rendered":"<p>Sorte Anzucht Direktsaat Keimdauer Keim Temperatur Pikieren Asia Salat Juli-Sept Aubergine Feb-April 12-15 19-24 Basilikum M\u00e4rz-Juli 12-15 15-18 Blumenkohl Feb-Juni 8-12 15 Borretsch April-Juli 7-12 20 Brokkoli M\u00e4rz-Juli 8-12 15 Buschbohnen Mai-Juli 8-10 12-15 Chinakohl Juli August 6-8 15 Dill Mai-Juli 10-14 10-15 Eisbergsalat M\u00e4rz-August Mai-Juli 6-10 15-20 Endivie Juli-August 8-10 20 Erbsen April-Juni 5-10 [&hellip;]<\/p>\n","protected":false},"author":1,"featured_media":0,"parent":0,"menu_order":0,"comment_status":"closed","ping_status":"closed","template":"","meta":{"footnotes":""},"class_list":["post-140","page","type-page","status-publish","hentry"],"jetpack_sharing_enabled":true,"_links":{"self":[{"href":"https:\/\/garden.meatball.ch\/index.php?rest_route=\/wp\/v2\/pages\/140","targetHints":{"allow":["GET"]}}],"collection":[{"href":"https:\/\/garden.meatball.ch\/index.php?rest_route=\/wp\/v2\/pages"}],"about":[{"href":"https:\/\/garden.meatball.ch\/index.php?rest_route=\/wp\/v2\/types\/page"}],"author":[{"embeddable":true,"href":"https:\/\/garden.meatball.ch\/index.php?rest_route=\/wp\/v2\/users\/1"}],"replies":[{"embeddable":true,"href":"https:\/\/garden.meatball.ch\/index.php?rest_route=%2Fwp%2Fv2%2Fcomments&post=140"}],"version-history":[{"count":7,"href":"https:\/\/garden.meatball.ch\/index.php?rest_route=\/wp\/v2\/pages\/140\/revisions"}],"predecessor-version":[{"id":151,"href":"https:\/\/garden.meatball.ch\/index.php?rest_route=\/wp\/v2\/pages\/140\/revisions\/151"}],"wp:attachment":[{"href":"https:\/\/garden.meatball.ch\/index.php?rest_route=%2Fwp%2Fv2%2Fmedia&parent=140"}],"curies":[{"name":"wp","href":"https:\/\/api.w.org\/{rel}","templated":true}]}}