{"id":154,"date":"2023-01-20T22:31:50","date_gmt":"2023-01-20T22:31:50","guid":{"rendered":"https:\/\/garden.meatball.ch\/?page_id=154"},"modified":"2023-01-20T22:53:34","modified_gmt":"2023-01-20T22:53:34","slug":"nachbarn","status":"publish","type":"page","link":"https:\/\/garden.meatball.ch\/?page_id=154","title":{"rendered":"Nachbarn"},"content":{"rendered":"<h2 id=\"tablepress-2-name\" class=\"tablepress-table-name tablepress-table-name-id-2\">Nachbarn<\/h2>\n<span id=\"tablepress-2-description\" class=\"tablepress-table-description tablepress-table-description-id-2\"><\/span>\n\n<table id=\"tablepress-2\" class=\"tablepress tablepress-id-2\" aria-labelledby=\"tablepress-2-name\" aria-describedby=\"tablepress-2-description\">\n<thead>\n<tr class=\"row-1 odd\">\n\t<th class=\"column-1\">Sorte<\/th><th class=\"column-2\">Gute Nachbarn<\/th><th class=\"column-3\">Schlechte Nachbarn<\/th>\n<\/tr>\n<\/thead>\n<tbody class=\"row-hover\">\n<tr class=\"row-2 even\">\n\t<td class=\"column-1\">Aubergine<\/td><td class=\"column-2\">Karotten, Kohlgew\u00e4chse, Kohlrabi, Kopfsalat,Lauch, Petersilie, Radieschen, Sellerie, Spinat<\/td><td class=\"column-3\">Erbsen, Fenchel, Gurken, Kartoffeln, Paprika, Tomaten<\/td>\n<\/tr>\n<tr class=\"row-3 odd\">\n\t<td class=\"column-1\">Ackerbohne (Puffbohne, Dicke Bohne)<\/td><td class=\"column-2\">Dill, Kartoffeln, Kohl, Radies, Rettich, Spinat<\/td><td class=\"column-3\">Buschbohnen, Erbsen<\/td>\n<\/tr>\n<tr class=\"row-4 even\">\n\t<td class=\"column-1\">Gurken<\/td><td class=\"column-2\">Buschbohnen, Dill, Erbsen, Fenchel, Knoblauch, Kohl, Kopfsalat, Koriander, K\u00fcmmel, Lauch, Mais, Paprika, Ringelblumen, Rote Bete, Sellerie, Stangenbohnen, Zwiebeln<br \/>\n<br \/>\nBasilikum: gut gegen Gurkenmehltau und Wei\u00dfe Fliege;<br \/>\n<br \/>\n <br \/>\nBorretsch: lockt Insektenbest\u00e4uber an<\/td><td class=\"column-3\">Tomaten, Radieschen Unterpflanzung und ihre Wirkung: Borretsch lockt Insekten an; Basilikum wirkt gegen Mehltau und die wei\u00dfe Fliege<br \/>\n<br \/>\nKartoffeln, K\u00fcrbis, Radies, Rettich, Tomaten, Zucchini<\/td>\n<\/tr>\n<tr class=\"row-5 odd\">\n\t<td class=\"column-1\">R\u00fcebli<\/td><td class=\"column-2\">Lauch, Knoblauch, Tomaten, Radieschen, Rettich, Schnittlauch, Dill, Erbsen<br \/>\n\tKartoffeln, Kohl, Salat, M\u00f6hren, Tomaten\t \t <br \/>\nM\u00f6hren (Karotten)\tII\tDOL\tBuschbohnen, Chicoree, Chinakohl, Dill, Endivien, Erbsen, Knoblauch, Kopfsalat, Lauch, Mangold, Minze, Radieschen, Rettich, Salat, Schnittlauch, Schwarzwurzeln, Tomaten, Zichorien, Zucchini, Zwiebeln<br \/>\n<br \/>\nRosmarin wirkt gegen die M\u00f6hrenfliege; Dill f\u00f6rdert die Keimf\u00e4higkeit der M\u00f6hren und sein Duftstoff h\u00e4lt Sch\u00e4dlinge fern<br \/>\nRosmarin, Salbei, Zwiebeln: gut gegen die M\u00f6hrenfliege;<br \/>\n<br \/>\n<br \/>\nDill: f\u00f6rdert die Keimf\u00e4higkeit, Duftstoffe halten Sch\u00e4dlinge ab;<br \/>\n<br \/>\n<br \/>\nSchnittlauch: sch\u00fctzt vor Grauschimmel;<\/td><td class=\"column-3\">Pastinake, Petersilie, Rote Bete, Sellerie<\/td>\n<\/tr>\n<tr class=\"row-6 even\">\n\t<td class=\"column-1\">Kohlarten (Blumenkohl, Brokkoli, Rosenkohl, Gr\u00fcnkohl, Braunkohl, Wei\u00dfkohl, Spitzkohl, Rotkohl, Wirsing)<\/td><td class=\"column-2\">Ackerbohne, Beifu\u00df, Buschbohnen, Dill, Endivien, Erbsen, Feldsalat, Gurken, Kamille, Kartoffeln, Kopfsalat, Koriander, K\u00fcmmel, Lauch, Mangold, Minzen, Pastinake, Pfl\u00fccksalat, Radicchio, Radies, Rettich, Ringelblumen, Rhabarber, Rote Bete, Sellerie, Spinat, Stangenbohnen, Tomaten<br \/>\nEberraute, Rosmarin, Salbei, Sellerie, Tomaten: sind gut gegen den Kohlweisling (Beipflanzung oder Beeteinfassung);<br \/>\n<br \/>\n <br \/>\n<br \/>\nBasilikum: gegen Mehltau und Wei\u00dfe Fliege;<br \/>\n<br \/>\n <br \/>\n<br \/>\nDill: f\u00f6rdert die Keimf\u00e4higkeit, Duftstoffe halten Sch\u00e4dlinge ab;<br \/>\n<br \/>\n <br \/>\n<br \/>\nRingelblume: gut gegen Drahtw\u00fcrmer und Nematoden, f\u00f6rdert Bodengesundheit und Ernteertrag;<br \/>\n<br \/>\n <br \/>\n<br \/>\nTagetes: gut gegen Nematoden, Viren und Wei\u00dfe Fliege;<br \/>\n<br \/>\n <br \/>\n<br \/>\nTomaten: vertreiben durch Duftabsonderungen Kohlwei\u00dfling und Kohlfliege;<br \/>\n<br \/>\n <br \/>\n<br \/>\nSalat: vertreibt Erdfloh und Wei\u00dfe Fliege;<br \/>\n<br \/>\n <br \/>\n<br \/>\nKartoffeln: vertreiben Kohlwei\u00dfling und Wei\u00dfe Fliege;<br \/>\n<br \/>\n <br \/>\n<br \/>\nBuschbohnen: gut gegen die Mehlige Kohlblattlaus;<br \/>\n<br \/>\n<br \/>\nLauch: gut gegen Eulenraupen;<br \/>\n<br \/>\n<br \/>\nThymian und Ysop: gut gegen Kohlweisling und Schnecken;<br \/>\n<br \/>\n<br \/>\nMinze: gut gegen Kohlwei\u00dfling, Erdfloh und Ameisen<\/td><td class=\"column-3\">Erdbeeren, Knoblauch, Zwiebel, Senf (Sinapis alba), Chinakohl<\/td>\n<\/tr>\n<tr class=\"row-7 odd\">\n\t<td class=\"column-1\">Zuchini<\/td><td class=\"column-2\">Buschbohnen, Dill, Erbsen, Kapuzinerkresse, Lauch, Mais, M\u00f6hren, Petersilie, Radies, Rettich, Rote Bete, Kopfsalat, Spinat, Sellerie, Stangenbohnen, Zwiebeln<\/td><td class=\"column-3\">Gurken, K\u00fcrbis<\/td>\n<\/tr>\n<tr class=\"row-8 even\">\n\t<td class=\"column-1\">Kopfsalat<\/td><td class=\"column-2\">Buschbohnen, Chicoree, Dill, Erbsen, Erdbeeren, Fenchel, Gurken, Kerbel, Kohl, Kohlrabi, Kresse, Lauch, Mais, Mangold, Minze, M\u00f6hren, Pastinaken, Radies, Rettich, Rote Bete, Schwarzwurzeln, Spargel, Spinat, Stangenbohnen, Tomaten, Zichorien, Zwiebeln<\/td><td class=\"column-3\">Petersilie, Sellerie<\/td>\n<\/tr>\n<tr class=\"row-9 odd\">\n\t<td class=\"column-1\">RADIESCHEN \/ RETTICH<\/td><td class=\"column-2\">KRE\tAckerbohne, Buschbohnen, Erbsen, Erdbeeren, Kapuzinerkresse, Kohl, Kohlrabi, Kopfsalat, Kresse, Mangold, M\u00f6hren, Petersilie, Pfl\u00fccksalat, Spinat, Stangenbohnen, Tomaten, Zucchini<br \/>\nKopfsalat: vertreibt Erdfl\u00f6he<br \/>\n<\/td><td class=\"column-3\">GurkenGurken, Zwiebeln<\/td>\n<\/tr>\n<tr class=\"row-10 even\">\n\t<td class=\"column-1\">Tomate<\/td><td class=\"column-2\">Buschbohnen, Chicoree, Kapuzinerkresse, Knoblauch, Kohl, Kohlrabi, Kopfsalat, Lauch, Mais, Minze, M\u00f6hren, Petersilie, Pfl\u00fccksalat, Radies, Rettich, Rote Bete, Sellerie, Spargel, Spinat, Zichorien, Zwiebeln<br \/>\nBasilikum: gegen Mehltau und Wei\u00dfe Fliege;<br \/>\n<br \/>\n Tagetes: gut gegen Nematoden, Viren und Wei\u00dfe Fliege;<br \/>\n<br \/>\n Spargel: gut gegen Tomatenwelke<br \/>\n<br \/>\n<\/td><td class=\"column-3\">Erbsen, Fenchel, Gurken, Kartoffeln, Kohlrabi<\/td>\n<\/tr>\n<tr class=\"row-11 odd\">\n\t<td class=\"column-1\">Knoblauch<\/td><td class=\"column-2\">Dill, Erdbeeren, Gurken, Himbeeren, Kartoffeln, M\u00f6hren, Petersilie, Rote Bete, Salat, Tomaten<\/td><td class=\"column-3\">Buschbohnen, Erbsen, Kohl, Lauch, Stangenbohnen, Zwiebeln<\/td>\n<\/tr>\n<tr class=\"row-12 even\">\n\t<td class=\"column-1\">Lauch<\/td><td class=\"column-2\">Erdbeeren, Tomaten, Sellerie, M\u00f6hren, Kohl, Kopfsalat,Endiven, Erdbeeren, Feldsalat, Gurken, Kamille, Kohl, Kohlrabi, Kopfsalat, M\u00f6hren, Pastinaken, Petersilie, Radicchio, Schwarzwurzeln, Sellerie, Tomaten, Zwiebeln, Zucchini<br \/>\nUnterpflanzung und ihre Wirkung: Wermut und Rettich helfen gegen die Lauchmotte<br \/>\nRettich, Sellerie, Wermut: gut gegen die Lauchmotte;<br \/>\n<br \/>\n<br \/>\nFeldsalat lockt Regenw\u00fcrmer an<\/td><td class=\"column-3\">Buschbohnen, Erbsen, Rote Bete, Stangenbohnen, Chinakohl<\/td>\n<\/tr>\n<tr class=\"row-13 odd\">\n\t<td class=\"column-1\">Zwiebeln<\/td><td class=\"column-2\">Erdbeeren, Bohnenkraut, Dill, Kopfsalat, Rote Beete<\/td><td class=\"column-3\">Bohnen, Erbsen, Kohl<\/td>\n<\/tr>\n<tr class=\"row-14 even\">\n\t<td class=\"column-1\">Kartoffeln<\/td><td class=\"column-2\">Ackerbohnen, Buschbohnen, Dill, Kamille, Kapuzinerkresse, Kohl, Kohlrabi, Knoblauch, K\u00fcmmel, Mais, Meerettich, Minze, Spinat, Tagetes<br \/>\nRingelblume: gut gegen Drahtw\u00fcrmer und Nematoden, f\u00f6rdert Bodengesundheit und Ernteertrag;<br \/>\n<br \/>\n<br \/>\nTagetes: gut gegen Nematoden, Viren und Wei\u00dfe Fliege;<br \/>\n<br \/>\n<br \/>\nK\u00fcmmel: verbessert das Aroma;<br \/>\n<br \/>\n<br \/>\nMeerrettich: wehrt Kartoffelk\u00e4fer ab<\/td><td class=\"column-3\">Erbsen, Gurken, K\u00fcrbis, Paprika, Rote Beete, Sellerie, Sonnenblumen, Tomaten, Chinakohl<\/td>\n<\/tr>\n<tr class=\"row-15 odd\">\n\t<td class=\"column-1\">Erbsen<\/td><td class=\"column-2\">Dill, Fenchel, Gurken, Kohl, Kohlrabi, Kopfsalat, Mais, M\u00f6hre, Paprika, Radies, Rettich, Ringelblumen, Rote Bete, Zucchini<br \/>\nM\u00f6hren: der gemischte Anbau f\u00f6rdert gegenseitiges Wachstum<\/td><td class=\"column-3\">Ackerbohnen, Buschbohnen, Kartoffeln, Knoblauch, Lauch, Mangold, Stangenbohnen, Tomaten, Zwiebeln<\/td>\n<\/tr>\n<tr class=\"row-16 even\">\n\t<td class=\"column-1\">Erdbeeren<\/td><td class=\"column-2\">Borretsch, Buschbohnen, Feldsalat, Knoblauch, Kopfsalat, Lauch, Petersilie, Radies, Rettich, Rote Bete, Schnittlauch, Spinat, Zwiebeln<br \/>\nZwiebel und Knoblauch: gut gegen Spinnmilben und Bodenpilze (bakterizide u. fungizide Wirkstoffe);<br \/>\n<br \/>\n <br \/>\n<br \/>\nTagetes: gut gegen Nematoden, Viren und Wei\u00dfe Fliege;<br \/>\n<br \/>\n <br \/>\n<br \/>\nSchnittlauch, Lauch und Zwiebel: sch\u00fctzt vor Grauschimmel;<br \/>\n<br \/>\n<br \/>\nFeldsalat: lockt Regenw\u00fcrmer an<\/td><td class=\"column-3\">Kohlarten Unterpflanzung und ihre Wirkung: Knoblauch sch\u00fctzt Erdbeeren vor Bakterien und Pilzen; Zwiebeln wirken gegen Pilzkrankheiten und Spinnmilben<\/td>\n<\/tr>\n<tr class=\"row-17 odd\">\n\t<td class=\"column-1\">Buschbohnen<\/td><td class=\"column-2\">Bohnenkraut, Dill, Rettich, Radies, Tomaten, Gurken, Erdbeeren, Sellerie, Spinat, Rote Bete, Kartoffeln, Kohlrabi, Kohl, Kopfsalat, K\u00fcrbis, Mais, Pfl\u00fccksalat, Mangold, M\u00f6hren, Zucchini<br \/>\n<br \/>\nBohnenkraut: vertreibt Bohnenfliege und Schwarze Bohnenlaus, Duftstoffe f\u00f6rdern Wachstum und Aroma;<br \/>\n<br \/>\n<br \/>\nTagetes: gut gegen Nematoden<\/td><td class=\"column-3\">Ackerbohnen, Fenchel, Erbsen, Knoblauch, Lauch, Zwiebeln<\/td>\n<\/tr>\n<tr class=\"row-18 even\">\n\t<td class=\"column-1\">Andenbeere (Kapstachelbeere, Physalis)<\/td><td class=\"column-2\"><\/td><td class=\"column-3\"><\/td>\n<\/tr>\n<tr class=\"row-19 odd\">\n\t<td class=\"column-1\">Artischocke<\/td><td class=\"column-2\">Fenchel<\/td><td class=\"column-3\">Knoblauch, Schnittlauch, Sellerie, Zwiebeln<\/td>\n<\/tr>\n<tr class=\"row-20 even\">\n\t<td class=\"column-1\">Basilikum<\/td><td class=\"column-2\">Fenchel, Gurke, Mangold, Tomaten, Zucchini<\/td><td class=\"column-3\">Bohnenkraut, Melisse, Salbei, Thymian<\/td>\n<\/tr>\n<tr class=\"row-21 odd\">\n\t<td class=\"column-1\">Bohnenkraut<\/td><td class=\"column-2\">Bohnen, Rote Bete, Salat, Zwiebeln<\/td><td class=\"column-3\">Basilikum<\/td>\n<\/tr>\n<tr class=\"row-22 even\">\n\t<td class=\"column-1\">Borretsch (Gurkenkraut)<\/td><td class=\"column-2\">Gurke, Kohlrabi, Kopfkohlarten, Tomaten, Zucchini<\/td><td class=\"column-3\"><\/td>\n<\/tr>\n<tr class=\"row-23 odd\">\n\t<td class=\"column-1\">Chicor\u00e9e<\/td><td class=\"column-2\">Fenchel, Kopfsalat, M\u00f6hren, Stangenbohnen, Tomaten<\/td><td class=\"column-3\">Kartoffeln<\/td>\n<\/tr>\n<tr class=\"row-24 even\">\n\t<td class=\"column-1\">Chinakohl<\/td><td class=\"column-2\">Buschbohnen, M\u00f6hren, Spinat, Erbsen, Salat<\/td><td class=\"column-3\">Kartoffeln, Kohlrabi, Kohl, Rettich, Lauch<\/td>\n<\/tr>\n<tr class=\"row-25 odd\">\n\t<td class=\"column-1\">Dill<\/td><td class=\"column-2\">Erbsen, Gurke, Kohl, M\u00f6hre, Ackerbohne, Rote Beete, Salat, Zucchini, Zwiebel<br \/>\nGurken,<br \/>\n Kohl: g\u00fcnstig als Beschatter des Dill-Fu\u00dfbereichs<\/td><td class=\"column-3\">Fenchel, Petersilie, Sellerie, Kerbel, K\u00fcmmel, K\u00fcrbis<\/td>\n<\/tr>\n<tr class=\"row-26 even\">\n\t<td class=\"column-1\">Eisbergsalat<\/td><td class=\"column-2\"><\/td><td class=\"column-3\"><\/td>\n<\/tr>\n<tr class=\"row-27 odd\">\n\t<td class=\"column-1\">Endivien<\/td><td class=\"column-2\">Fenchel, Kohl, Lauch, Stangenbohnen<\/td><td class=\"column-3\">Sellerie<\/td>\n<\/tr>\n<tr class=\"row-28 even\">\n\t<td class=\"column-1\">Feldsalat<\/td><td class=\"column-2\">Endivie, Erdbeeren, Fenchel, Kohl, Kohlrabi, Radies, Ringelblume, Lauch, Stangenbohnen, Zwiebeln<\/td><td class=\"column-3\">Baldrian<\/td>\n<\/tr>\n<tr class=\"row-29 odd\">\n\t<td class=\"column-1\">Fenchel<\/td><td class=\"column-2\">Chicoree, Endivien, Erbsen, Feldsalat, Gurken, Kopfsalat, Pfl\u00fccksalat, Radicchio, Salbei<br \/>\nFeldsalat: lockt Regenw\u00fcrmer an<\/td><td class=\"column-3\">Dill, Buschbohnen, K\u00fcmmel, Stangenbohnen, Tomaten<\/td>\n<\/tr>\n<tr class=\"row-30 even\">\n\t<td class=\"column-1\">Kohlrabi<\/td><td class=\"column-2\">Buschbohnen, Erbsen, Feldsalat, Kartoffeln, Kopfsalat, Lauch, Radies, Rettich, Rote Bete, Schwarzwurzeln, Sellerie, Spargel,  Spinat, Stangenbohnen, Tomaten<br \/>\nFeldsalat: lockt Regenw\u00fcrmer an;<br \/>\n<br \/>\n <br \/>\n<br \/>\nSpinat: sondert Saponin ab, welches das Wachstum f\u00f6rdert;<br \/>\n<br \/>\n<br \/>\nKopfsalat: vertreibt Erdfl\u00f6he<\/td><td class=\"column-3\">Chinakohl<\/td>\n<\/tr>\n<tr class=\"row-31 odd\">\n\t<td class=\"column-1\">Koriander<\/td><td class=\"column-2\"><\/td><td class=\"column-3\"><\/td>\n<\/tr>\n<tr class=\"row-32 even\">\n\t<td class=\"column-1\">K\u00fcmmel<\/td><td class=\"column-2\"><\/td><td class=\"column-3\"><\/td>\n<\/tr>\n<tr class=\"row-33 odd\">\n\t<td class=\"column-1\">Kresse<\/td><td class=\"column-2\">Radieschen<\/td><td class=\"column-3\"><\/td>\n<\/tr>\n<tr class=\"row-34 even\">\n\t<td class=\"column-1\">K\u00fcrbis<\/td><td class=\"column-2\">Bohnen, Mais<\/td><td class=\"column-3\">Gurken, Kartoffeln, Zucchini<\/td>\n<\/tr>\n<tr class=\"row-35 odd\">\n\t<td class=\"column-1\">Mais<\/td><td class=\"column-2\">Bohnen, Erbsen, Gurken, Kartoffeln, Kopfsalat, K\u00fcrbis, Melone, Salat, Tomaten, Zucchini<\/td><td class=\"column-3\">Sellerie, Rote Bete<\/td>\n<\/tr>\n<tr class=\"row-36 even\">\n\t<td class=\"column-1\">Mangold<\/td><td class=\"column-2\">Buschbohnen, Kohl, M\u00f6hren, Radies, Rettich, Salat<\/td><td class=\"column-3\">Rote Bete, Spinat<\/td>\n<\/tr>\n<tr class=\"row-37 odd\">\n\t<td class=\"column-1\">Mayoran<\/td><td class=\"column-2\"><\/td><td class=\"column-3\"><\/td>\n<\/tr>\n<tr class=\"row-38 even\">\n\t<td class=\"column-1\">Melisse<\/td><td class=\"column-2\"><\/td><td class=\"column-3\"><\/td>\n<\/tr>\n<tr class=\"row-39 odd\">\n\t<td class=\"column-1\">Melonen<\/td><td class=\"column-2\">Radieschen, Ringelblume, Gurken, Kohl, M\u00f6hren.<\/td><td class=\"column-3\">Erbsen, Fenchel, Rote Bete.<\/td>\n<\/tr>\n<tr class=\"row-40 even\">\n\t<td class=\"column-1\">Minzen \/ Pfefferminze<\/td><td class=\"column-2\">Kartoffeln, Kohl, Salat, M\u00f6hren, Tomaten<\/td><td class=\"column-3\"><\/td>\n<\/tr>\n<tr class=\"row-41 odd\">\n\t<td class=\"column-1\">Pastinake<\/td><td class=\"column-2\">Kohl, Lauch, Rote Bete, Salat, Spinat<\/td><td class=\"column-3\">Fenchel, M\u00f6hre, Petersilie, Sellerie<\/td>\n<\/tr>\n<tr class=\"row-42 even\">\n\t<td class=\"column-1\">Paprika<\/td><td class=\"column-2\">Kapuzinerkresse, Ringelblume<\/td><td class=\"column-3\">Kartoffeln<\/td>\n<\/tr>\n<tr class=\"row-43 odd\">\n\t<td class=\"column-1\">Peperoni \/ Chili<\/td><td class=\"column-2\">Basilikum<\/td><td class=\"column-3\">Auberginen, Kartoffeln, Tomaten<\/td>\n<\/tr>\n<tr class=\"row-44 even\">\n\t<td class=\"column-1\">Petersilie<\/td><td class=\"column-2\">Erdbeeren, Knoblauch, Lauch, Radies, Rettich, Tomaten, Zwiebeln<\/td><td class=\"column-3\">Dill, Fenchel, Kopfsalat, M\u00f6hre, Pastinake, Salat, Sellerie<\/td>\n<\/tr>\n<tr class=\"row-45 odd\">\n\t<td class=\"column-1\">Pfl\u00fccksalat \/ Schnittsalat<\/td><td class=\"column-2\">Buschbohnen, Dill, Erbsen, Fenchel, Gurken, Kohl, Mangold, M\u00f6hre, Pastinake, Radies, Rettich, Rote Bete, Schwarzwurzel, Spargel, Tomaten, Zichorien<\/td><td class=\"column-3\">Petersilie<\/td>\n<\/tr>\n<tr class=\"row-46 even\">\n\t<td class=\"column-1\">Radicchio<\/td><td class=\"column-2\">Fenchel, Kohl, Lauch, Stangenbohnen<\/td><td class=\"column-3\"><\/td>\n<\/tr>\n<tr class=\"row-47 odd\">\n\t<td class=\"column-1\">Raps<\/td><td class=\"column-2\"><\/td><td class=\"column-3\"><\/td>\n<\/tr>\n<tr class=\"row-48 even\">\n\t<td class=\"column-1\">Rauke<\/td><td class=\"column-2\">Ringelblumen, Salat, Sellerie, Zwiebeln<\/td><td class=\"column-3\">Borretsch, Erbsen, Gartenkresse, Kapuzinerkresse, Kerbel, Koriander, Mangold, Spinat<\/td>\n<\/tr>\n<tr class=\"row-49 odd\">\n\t<td class=\"column-1\">Rettich<\/td><td class=\"column-2\">Buschbohnen, Erbsen, Erdbeeren, Kapuzinerkresse, Kohl, Kohlrabi, Kopfsalat, Kresse, Mangold, M\u00f6hren, Petersilie, Pfl\u00fccksalat, Spinat, Stangenbohnen, Tomaten, Zucchini<\/td><td class=\"column-3\">Gurken, Zwiebeln<\/td>\n<\/tr>\n<tr class=\"row-50 even\">\n\t<td class=\"column-1\">Ringelblume<\/td><td class=\"column-2\"><\/td><td class=\"column-3\"><\/td>\n<\/tr>\n<tr class=\"row-51 odd\">\n\t<td class=\"column-1\">Rhabarber<\/td><td class=\"column-2\"><\/td><td class=\"column-3\"><\/td>\n<\/tr>\n<tr class=\"row-52 even\">\n\t<td class=\"column-1\">Rosmarin<\/td><td class=\"column-2\"><\/td><td class=\"column-3\"><\/td>\n<\/tr>\n<tr class=\"row-53 odd\">\n\t<td class=\"column-1\">Rote Bete<\/td><td class=\"column-2\">Bohnenkraut, Buschbohnen, Dill, Fenchel, Gurken, Knoblauch, Kohl, Kohlrabi, Koriander, Pastinake, Pfl\u00fccksalat, Tomaten, Zucchini, Zwiebeln<br \/>\nDill: f\u00f6rdert die Keimf\u00e4higkeit und beschleunigt das Auflaufen, vertreibt Blattl\u00e4use<\/td><td class=\"column-3\">Kartoffeln, Lauch, Mais, Mangold, M\u00f6hren, Spinat<\/td>\n<\/tr>\n<tr class=\"row-54 even\">\n\t<td class=\"column-1\">Salat<\/td><td class=\"column-2\">Chinakohl, Erbsen, Erdbeeren, Dill, Fenchel, Gurken, Minze, M\u00f6hren, Knoblauch, Kohl, Kohlrabi, Rettich, Rote Bete, Tomaten, Zucchini<br \/>\nKerbel: gut gegen L\u00e4use<\/td><td class=\"column-3\">Petersilie, Sellerie<\/td>\n<\/tr>\n<tr class=\"row-55 odd\">\n\t<td class=\"column-1\">Salbei<\/td><td class=\"column-2\"><\/td><td class=\"column-3\"><\/td>\n<\/tr>\n<tr class=\"row-56 even\">\n\t<td class=\"column-1\">Schnittlauch<\/td><td class=\"column-2\"><\/td><td class=\"column-3\"><\/td>\n<\/tr>\n<tr class=\"row-57 odd\">\n\t<td class=\"column-1\">Schnittsalat<\/td><td class=\"column-2\"><\/td><td class=\"column-3\"><\/td>\n<\/tr>\n<tr class=\"row-58 even\">\n\t<td class=\"column-1\">Schwarzwurzel<\/td><td class=\"column-2\"><\/td><td class=\"column-3\"><\/td>\n<\/tr>\n<tr class=\"row-59 odd\">\n\t<td class=\"column-1\">Sellerie<\/td><td class=\"column-2\">Buschbohnen, Gurken, Kamille, Blumenkohl, Kohlrabi, Kopfsalat, Lauch, Rote Bete, Spinat, Stangenbohnen, Tomaten, Zucchini<br \/>\nBuchweizen: schlie\u00dft im Boden enthaltenen Kali auf und macht diesen f\u00fcr Sellerie verf\u00fcgbar;<br \/>\n<br \/>\n <br \/>\n<br \/>\nTomaten: sch\u00fctzen vor Rostkrankheiten;<br \/>\n<br \/>\n<br \/>\nKohl: sch\u00fctzt vor Sellerierost<\/td><td class=\"column-3\">Kartoffeln, Mais, M\u00f6hren, Pastinake, Petersilie<\/td>\n<\/tr>\n<tr class=\"row-60 even\">\n\t<td class=\"column-1\">Senf<\/td><td class=\"column-2\"><\/td><td class=\"column-3\"><\/td>\n<\/tr>\n<tr class=\"row-61 odd\">\n\t<td class=\"column-1\">Sojabohnen<\/td><td class=\"column-2\"><\/td><td class=\"column-3\"><\/td>\n<\/tr>\n<tr class=\"row-62 even\">\n\t<td class=\"column-1\">Sonnenblume<\/td><td class=\"column-2\">Gurken<\/td><td class=\"column-3\">Kartoffeln<\/td>\n<\/tr>\n<tr class=\"row-63 odd\">\n\t<td class=\"column-1\">Spargel<\/td><td class=\"column-2\">Gurken, Kopfsalat, Petersilie, Pfl\u00fccksalat, Tomaten<\/td><td class=\"column-3\">Knoblauch, Zwiebeln<\/td>\n<\/tr>\n<tr class=\"row-64 even\">\n\t<td class=\"column-1\">Spinat<\/td><td class=\"column-2\">Ackerbohnen, Buschbohnen, Chinakohl, Erdbeeren, Kartoffeln, Kohl, Kohlrabi, Kopfsalat, Pastinaken, Radies, Rettich, Sellerie, Stangenbohnen, Tomaten, Zucchini<\/td><td class=\"column-3\">Mangold, Rote Bete<\/td>\n<\/tr>\n<tr class=\"row-65 odd\">\n\t<td class=\"column-1\">Stangenbohne<\/td><td class=\"column-2\">Chicoree, Endiven, Feldsalat, Gurken, Kohl, Kohlrabi, Kopfsalat, Radicchio, Radies, Rettich, Sellerie, Spinat, Zucchini<br \/>\nTagetes: vertreibt L\u00e4use und Schwarze Bohnenlaus;<br \/>\n<br \/>\n <br \/>\n<br \/>\nBohnenkraut: vertreibt Bohnenfliege und Bohnenlaus, Duftstoffe f\u00f6rdern Wachstum und Aroma;<br \/>\n<br \/>\n <br \/>\n<br \/>\nFeldsalat lockt Regenw\u00fcrmer an<\/td><td class=\"column-3\">Erbsen, Fenchel, Knoblauch, Lauch<\/td>\n<\/tr>\n<tr class=\"row-66 even\">\n\t<td class=\"column-1\">Tabak<\/td><td class=\"column-2\"><\/td><td class=\"column-3\"><\/td>\n<\/tr>\n<tr class=\"row-67 odd\">\n\t<td class=\"column-1\">Tagetes<\/td><td class=\"column-2\"><\/td><td class=\"column-3\"><\/td>\n<\/tr>\n<tr class=\"row-68 even\">\n\t<td class=\"column-1\">Thymian<\/td><td class=\"column-2\"><\/td><td class=\"column-3\"><\/td>\n<\/tr>\n<tr class=\"row-69 odd\">\n\t<td class=\"column-1\">Tomatillo<\/td><td class=\"column-2\"><\/td><td class=\"column-3\"><\/td>\n<\/tr>\n<\/tbody>\n<\/table>\n<!-- #tablepress-2 from cache -->","protected":false},"excerpt":{"rendered":"","protected":false},"author":1,"featured_media":0,"parent":0,"menu_order":0,"comment_status":"closed","ping_status":"closed","template":"","meta":{"footnotes":""},"class_list":["post-154","page","type-page","status-publish","hentry"],"jetpack_sharing_enabled":true,"_links":{"self":[{"href":"https:\/\/garden.meatball.ch\/index.php?rest_route=\/wp\/v2\/pages\/154","targetHints":{"allow":["GET"]}}],"collection":[{"href":"https:\/\/garden.meatball.ch\/index.php?rest_route=\/wp\/v2\/pages"}],"about":[{"href":"https:\/\/garden.meatball.ch\/index.php?rest_route=\/wp\/v2\/types\/page"}],"author":[{"embeddable":true,"href":"https:\/\/garden.meatball.ch\/index.php?rest_route=\/wp\/v2\/users\/1"}],"replies":[{"embeddable":true,"href":"https:\/\/garden.meatball.ch\/index.php?rest_route=%2Fwp%2Fv2%2Fcomments&post=154"}],"version-history":[{"count":1,"href":"https:\/\/garden.meatball.ch\/index.php?rest_route=\/wp\/v2\/pages\/154\/revisions"}],"predecessor-version":[{"id":157,"href":"https:\/\/garden.meatball.ch\/index.php?rest_route=\/wp\/v2\/pages\/154\/revisions\/157"}],"wp:attachment":[{"href":"https:\/\/garden.meatball.ch\/index.php?rest_route=%2Fwp%2Fv2%2Fmedia&parent=154"}],"curies":[{"name":"wp","href":"https:\/\/api.w.org\/{rel}","templated":true}]}}